{"id":70,"date":"2010-06-28T23:01:14","date_gmt":"2010-06-28T22:01:14","guid":{"rendered":"http:\/\/dominiksadventures.com\/?page_id=70"},"modified":"2010-10-11T02:24:46","modified_gmt":"2010-10-11T01:24:46","slug":"flug-uber-seine-route","status":"publish","type":"page","link":"http:\/\/www.dominiksadventures.com\/?page_id=70","title":{"rendered":"Flug \u00fcber seine Route"},"content":{"rendered":"<p>Dominiks Route Teil 1 :<\/p>\n<p><iframe loading=\"lazy\" width=\"500\" height=\"600\" frameborder=\"0\" scrolling=\"no\" marginheight=\"0\" marginwidth=\"0\" src=\"http:\/\/maps.google.de\/maps\/ms?ie=UTF8&amp;hl=de&amp;t=h&amp;msa=0&amp;msid=114624286811472972875.0004711d334d706361998&amp;ll=-32.398516,-52.558594&amp;spn=83.43932,87.714844&amp;z=3&amp;output=embed\"><\/iframe><br \/><small><a href=\"http:\/\/maps.google.de\/maps\/ms?ie=UTF8&amp;hl=de&amp;t=h&amp;msa=0&amp;msid=114624286811472972875.0004711d334d706361998&amp;ll=-32.398516,-52.558594&amp;spn=83.43932,87.714844&amp;z=3&amp;source=embed\" style=\"color:#0000FF;text-align:left\">Dominiks Route 1<\/a> auf einer gr\u00f6\u00dferen Karte anzeigen<\/small><\/p>\n<p>Google-Maps zeigt maximal 50 verschiedene Orte und Strecken pro Karte an. Deshalb musste ich Weitere anlegen. Die zweite Karte kn\u00fcpft in Santa Marta\/ Nordk\u00fcste Kolumbien an die erste Karte an. <\/p>\n<p>Dominiks Route Teil 2 :<\/p>\n<p><iframe loading=\"lazy\" width=\"500\" height=\"450\" frameborder=\"0\" scrolling=\"no\" marginheight=\"0\" marginwidth=\"0\" src=\"http:\/\/maps.google.de\/maps\/ms?ie=UTF8&amp;hl=de&amp;t=h&amp;msa=0&amp;msid=114624286811472972875.0004822ea56b5a4ca5bef&amp;ll=-0.439449,-79.189453&amp;spn=38.78708,43.857422&amp;z=4&amp;output=embed\"><\/iframe><br \/><small><a href=\"http:\/\/maps.google.de\/maps\/ms?ie=UTF8&amp;hl=de&amp;t=h&amp;msa=0&amp;msid=114624286811472972875.0004822ea56b5a4ca5bef&amp;ll=-0.439449,-79.189453&amp;spn=38.78708,43.857422&amp;z=4&amp;source=embed\" style=\"color:#0000FF;text-align:left\">Dominiks Route 2<\/a> auf einer gr\u00f6\u00dferen Karte anzeigen<\/small><\/p>\n<p>Die dritte Karte kn\u00fcpft in Cusco bzw. Pucallpa (Zentralperu) an die zweite Karte an.<\/p>\n<p>Dominiks Route Teil 3 (Amazonas-Trip):<\/p>\n<p><iframe loading=\"lazy\" width=\"500\" height=\"400\" frameborder=\"0\" scrolling=\"no\" marginheight=\"0\" marginwidth=\"0\" src=\"http:\/\/maps.google.de\/maps\/ms?ie=UTF8&amp;hl=de&amp;t=h&amp;msa=0&amp;msid=114624286811472972875.00048a18c58c6c3b9c209&amp;ll=-0.263671,-74.179687&amp;spn=34.617031,43.945312&amp;z=4&amp;output=embed\"><\/iframe><br \/><small><a href=\"http:\/\/maps.google.de\/maps\/ms?ie=UTF8&amp;hl=de&amp;t=h&amp;msa=0&amp;msid=114624286811472972875.00048a18c58c6c3b9c209&amp;ll=-0.263671,-74.179687&amp;spn=34.617031,43.945312&amp;z=4&amp;source=embed\" style=\"color:#0000FF;text-align:left\">Dominiks Route 3<\/a> auf einer gr\u00f6\u00dferen Karte anzeigen<\/small><\/p>\n<p>Dominiks Route Teil 4 (Mittelamerika):<\/p>\n<p><iframe loading=\"lazy\" width=\"500\" height=\"450\" frameborder=\"0\" scrolling=\"no\" marginheight=\"0\" marginwidth=\"0\" src=\"http:\/\/maps.google.de\/maps\/ms?ie=UTF8&amp;hl=de&amp;t=h&amp;msa=0&amp;msid=114624286811472972875.00048b5a80be6ae40cfb6&amp;ll=15.36895,-84.990234&amp;spn=18.987299,21.972656&amp;z=5&amp;output=embed\"><\/iframe><br \/><small><a href=\"http:\/\/maps.google.de\/maps\/ms?ie=UTF8&amp;hl=de&amp;t=h&amp;msa=0&amp;msid=114624286811472972875.00048b5a80be6ae40cfb6&amp;ll=15.36895,-84.990234&amp;spn=18.987299,21.972656&amp;z=5&amp;source=embed\" style=\"color:#0000FF;text-align:left\">Mittelamerika<\/a> auf einer gr\u00f6\u00dferen Karte anzeigen<\/small><\/p>\n<p>Dominiks Route Teil 5 (Mexiko):<\/p>\n<p><iframe loading=\"lazy\" width=\"500\" height=\"400\" frameborder=\"0\" scrolling=\"no\" marginheight=\"0\" marginwidth=\"0\" src=\"http:\/\/maps.google.de\/maps\/ms?ie=UTF8&amp;hl=de&amp;t=h&amp;msa=0&amp;msid=114624286811472972875.0004924c361dc4072488b&amp;ll=19.55979,-95.625&amp;spn=16.513505,21.972656&amp;z=5&amp;output=embed\"><\/iframe><br \/><small><a href=\"http:\/\/maps.google.de\/maps\/ms?ie=UTF8&amp;hl=de&amp;t=h&amp;msa=0&amp;msid=114624286811472972875.0004924c361dc4072488b&amp;ll=19.55979,-95.625&amp;spn=16.513505,21.972656&amp;z=5&amp;source=embed\" style=\"color:#0000FF;text-align:left\">Mexiko &#038; Kuba<\/a> auf einer gr\u00f6\u00dferen Karte anzeigen<\/small><\/p>\n<p>Dominiks Route Teil 6 (Kuba):<\/p>\n<p><iframe loading=\"lazy\" width=\"500\" height=\"400\" frameborder=\"0\" scrolling=\"no\" marginheight=\"0\" marginwidth=\"0\" src=\"http:\/\/maps.google.de\/maps\/ms?ie=UTF8&amp;hl=de&amp;t=h&amp;msa=0&amp;msid=114624286811472972875.0004924c361dc4072488b&amp;ll=22.451649,-82.243652&amp;spn=8.117233,10.986328&amp;z=6&amp;output=embed\"><\/iframe><br \/><small><a href=\"http:\/\/maps.google.de\/maps\/ms?ie=UTF8&amp;hl=de&amp;t=h&amp;msa=0&amp;msid=114624286811472972875.0004924c361dc4072488b&amp;ll=22.451649,-82.243652&amp;spn=8.117233,10.986328&amp;z=6&amp;source=embed\" style=\"color:#0000FF;text-align:left\">Mexiko &#038; Kuba<\/a> auf einer gr\u00f6\u00dferen Karte anzeigen<\/small><br \/>\n.<\/p>\n","protected":false},"excerpt":{"rendered":"<p>Dominiks Route Teil 1 : Dominiks Route 1 auf einer gr\u00f6\u00dferen Karte anzeigen Google-Maps zeigt maximal 50 verschiedene Orte und Strecken pro Karte an. Deshalb musste ich Weitere anlegen. Die zweite Karte kn\u00fcpft in Santa Marta\/ Nordk\u00fcste Kolumbien an die erste Karte an. Dominiks Route Teil 2 : Dominiks Route 2 auf einer gr\u00f6\u00dferen Karte [&hellip;]<\/p>\n","protected":false},"author":2,"featured_media":0,"parent":0,"menu_order":2,"comment_status":"closed","ping_status":"closed","template":"","meta":[],"_links":{"self":[{"href":"http:\/\/www.dominiksadventures.com\/index.php?rest_route=\/wp\/v2\/pages\/70"}],"collection":[{"href":"http:\/\/www.dominiksadventures.com\/index.php?rest_route=\/wp\/v2\/pages"}],"about":[{"href":"http:\/\/www.dominiksadventures.com\/index.php?rest_route=\/wp\/v2\/types\/page"}],"author":[{"embeddable":true,"href":"http:\/\/www.dominiksadventures.com\/index.php?rest_route=\/wp\/v2\/users\/2"}],"replies":[{"embeddable":true,"href":"http:\/\/www.dominiksadventures.com\/index.php?rest_route=%2Fwp%2Fv2%2Fcomments&post=70"}],"version-history":[{"count":56,"href":"http:\/\/www.dominiksadventures.com\/index.php?rest_route=\/wp\/v2\/pages\/70\/revisions"}],"predecessor-version":[{"id":1005,"href":"http:\/\/www.dominiksadventures.com\/index.php?rest_route=\/wp\/v2\/pages\/70\/revisions\/1005"}],"wp:attachment":[{"href":"http:\/\/www.dominiksadventures.com\/index.php?rest_route=%2Fwp%2Fv2%2Fmedia&parent=70"}],"curies":[{"name":"wp","href":"https:\/\/api.w.org\/{rel}","templated":true}]}}