{"id":244,"date":"2009-08-04T23:17:22","date_gmt":"2009-08-04T21:17:22","guid":{"rendered":"http:\/\/dominiksadventures.com\/?page_id=3"},"modified":"2010-06-29T17:05:41","modified_gmt":"2010-06-29T16:05:41","slug":"impressum","status":"publish","type":"page","link":"http:\/\/www.dominiksadventures.com\/?page_id=244","title":{"rendered":"Impressum"},"content":{"rendered":"<p><!-- \t\t@page { size: 21cm 29.7cm; margin: 2cm } \t\tP { margin-bottom: 0.21cm } \t\tH2 { margin-top: 0.28cm; margin-bottom: 0.28cm } \t\tH2.western { font-family: \"Times New Roman\", serif; font-size: 14pt; font-weight: medium } \t\tH2.cjk { font-family: \"Lucida Sans Unicode\"; font-size: 14pt; font-weight: medium } \t\tH2.ctl { font-family: \"Tahoma\"; font-size: 14pt; font-weight: medium } --><\/p>\n<p>Dominik Knauft<br \/>\nSteinweg 3<br \/>\n37327 Leinefelde<\/p>\n<p><a href=\"mailto:info@dominiksadventures.com\">info@dominiksadventures.com<\/a><\/p>\n<p>Alle Rechte an den Inhalten von<a href=\"mailto:mail@pan-america.de\"> <\/a><a href=\"mailto:mail@pan-america.de\">www.<\/a><a href=\"mailto:mail@pan-america.de\">dominiksadventures.com<\/a> liegen bei Dominik Knauft. Ver\u00f6ffentlichungen, auch auszugsweise, sind nur mit seiner ausdr\u00fccklicher Zustimmung  zul\u00e4ssig. Die zusammengestellten Angaben habe ich aufgrund meiner Erfahrungen und nach bestem Wissen und Gewissen gemacht. F\u00fcr Sch\u00e4den oder Anspr\u00fcche, die aus der Nutzung der Informationen dieser und\/oder anderer Inhalte von <a href=\"mailto:mail@pan-america.de\">www.<\/a><a href=\"mailto:mail@pan-america.de\">dominiksadventures.com<\/a> entstehen, wird keine Haftung \u00fcbernommen. Trotz sorgf\u00e4ltiger Recherche kann ich auch keine Verantwortung zu den Links auf meiner Homepage \u00fcbernehmen. F\u00fcr die Inhalte der verlinkten Seiten bin ich nicht verantwortlich.<\/p>\n","protected":false},"excerpt":{"rendered":"<p>Dominik Knauft Steinweg 3 37327 Leinefelde info@dominiksadventures.com Alle Rechte an den Inhalten von www.dominiksadventures.com liegen bei Dominik Knauft. Ver\u00f6ffentlichungen, auch auszugsweise, sind nur mit seiner ausdr\u00fccklicher Zustimmung zul\u00e4ssig. Die zusammengestellten Angaben habe ich aufgrund meiner Erfahrungen und nach bestem Wissen und Gewissen gemacht. F\u00fcr Sch\u00e4den oder Anspr\u00fcche, die aus der Nutzung der Informationen dieser und\/oder [&hellip;]<\/p>\n","protected":false},"author":2,"featured_media":0,"parent":0,"menu_order":6,"comment_status":"closed","ping_status":"open","template":"","meta":[],"_links":{"self":[{"href":"http:\/\/www.dominiksadventures.com\/index.php?rest_route=\/wp\/v2\/pages\/244"}],"collection":[{"href":"http:\/\/www.dominiksadventures.com\/index.php?rest_route=\/wp\/v2\/pages"}],"about":[{"href":"http:\/\/www.dominiksadventures.com\/index.php?rest_route=\/wp\/v2\/types\/page"}],"author":[{"embeddable":true,"href":"http:\/\/www.dominiksadventures.com\/index.php?rest_route=\/wp\/v2\/users\/2"}],"replies":[{"embeddable":true,"href":"http:\/\/www.dominiksadventures.com\/index.php?rest_route=%2Fwp%2Fv2%2Fcomments&post=244"}],"version-history":[{"count":1,"href":"http:\/\/www.dominiksadventures.com\/index.php?rest_route=\/wp\/v2\/pages\/244\/revisions"}],"predecessor-version":[{"id":1541,"href":"http:\/\/www.dominiksadventures.com\/index.php?rest_route=\/wp\/v2\/pages\/244\/revisions\/1541"}],"wp:attachment":[{"href":"http:\/\/www.dominiksadventures.com\/index.php?rest_route=%2Fwp%2Fv2%2Fmedia&parent=244"}],"curies":[{"name":"wp","href":"https:\/\/api.w.org\/{rel}","templated":true}]}}